{"id":152,"date":"2018-11-23T19:03:34","date_gmt":"2018-11-23T18:03:34","guid":{"rendered":"http:\/\/quinteetsens.be\/?page_id=152"},"modified":"2018-11-23T21:26:23","modified_gmt":"2018-11-23T20:26:23","slug":"institutions-et-partenariats","status":"publish","type":"page","link":"https:\/\/quinteetsens.be\/index.php\/institutions-et-partenariats\/","title":{"rendered":"Institutions et partenariats"},"content":{"rendered":"\n<p>Vous travaillez en institution, dans une \u00e9cole, une cr\u00e8che, une centre culturel, &#8230;<\/p>\n\n\n\n<p>Vous \u00eates professionnel en bien-\u00eatre, psychologue, art-th\u00e9rapeute, &#8230;<\/p>\n\n\n\n<p>Vous souhaitez mettre en place un projet au sein de votre institution, d\u00e9velopper une collaboration alliant vos comp\u00e9tences et les miennes?<\/p>\n\n\n\n<p><a href=\"mailto:info.quinteetsens@gmail.com\">Contactez-moi<\/a> pour en discuter et mettre en place le projet!<\/p>\n\n\n\n<h4 class=\"wp-block-heading\">Quelques exemples de projets d\u00e9j\u00e0 mis en place :<\/h4>\n\n\n\n<ul><li>Ateliers d&rsquo;Expression par le Mouvement en collaboration avec une psychologue &#8211; art-th\u00e9rapeute &#8211; danseuse.<\/li><li>Eveil Musique-Danse pour les 3-6 ans au sein d&rsquo;une \u00e9cole de danse.<\/li><li>Animations musicoth\u00e9rapeutiques au sein d&rsquo;un h\u00f4pital psychiatrique.<\/li><li>Animations et r\u00e9flexions autour de la musicoth\u00e9rapie et de ses applications en institution aux sein d&rsquo;une classe d&rsquo;\u00e9l\u00e8ves du secondaire en option \u00e9ducation.<\/li><li>Voyages Sonores en piscine accompagn\u00e9s de Watsu.<\/li><li>&#8230;<\/li><\/ul>\n","protected":false},"excerpt":{"rendered":"<p>Vous travaillez en institution, dans une \u00e9cole, une cr\u00e8che, une centre culturel, &#8230; Vous \u00eates professionnel en bien-\u00eatre, psychologue, art-th\u00e9rapeute, &#8230; Vous souhaitez mettre en place un projet au sein de votre institution, d\u00e9velopper une collaboration alliant vos comp\u00e9tences et les miennes? Contactez-moi pour en discuter et mettre en place le projet! Quelques exemples de [&hellip;]<\/p>\n","protected":false},"author":1,"featured_media":0,"parent":0,"menu_order":0,"comment_status":"closed","ping_status":"closed","template":"","meta":{"footnotes":""},"_links":{"self":[{"href":"https:\/\/quinteetsens.be\/index.php\/wp-json\/wp\/v2\/pages\/152"}],"collection":[{"href":"https:\/\/quinteetsens.be\/index.php\/wp-json\/wp\/v2\/pages"}],"about":[{"href":"https:\/\/quinteetsens.be\/index.php\/wp-json\/wp\/v2\/types\/page"}],"author":[{"embeddable":true,"href":"https:\/\/quinteetsens.be\/index.php\/wp-json\/wp\/v2\/users\/1"}],"replies":[{"embeddable":true,"href":"https:\/\/quinteetsens.be\/index.php\/wp-json\/wp\/v2\/comments?post=152"}],"version-history":[{"count":2,"href":"https:\/\/quinteetsens.be\/index.php\/wp-json\/wp\/v2\/pages\/152\/revisions"}],"predecessor-version":[{"id":220,"href":"https:\/\/quinteetsens.be\/index.php\/wp-json\/wp\/v2\/pages\/152\/revisions\/220"}],"wp:attachment":[{"href":"https:\/\/quinteetsens.be\/index.php\/wp-json\/wp\/v2\/media?parent=152"}],"curies":[{"name":"wp","href":"https:\/\/api.w.org\/{rel}","templated":true}]}}