{"id":172,"date":"2018-11-23T20:23:10","date_gmt":"2018-11-23T19:23:10","guid":{"rendered":"http:\/\/quinteetsens.be\/?page_id=172"},"modified":"2018-11-23T21:07:21","modified_gmt":"2018-11-23T20:07:21","slug":"voyages-sonores","status":"publish","type":"page","link":"https:\/\/quinteetsens.be\/index.php\/voyages-sonores\/","title":{"rendered":"Voyages Sonores"},"content":{"rendered":"\n<p>Les Voyages Sonores sont des s\u00e9ances de relaxation en musique.<\/p>\n\n\n\n<p>En solo, en duo ou en groupe, vous \u00eates berc\u00e9 par de douces m\u00e9lodies et vibrations.<\/p>\n\n\n\n<p>Les handpan, carillons, kalimbas et autres bols tib\u00e9tains et de cristal vous invitent \u00e0 prendre un temps pour vous (re)centrer, pour prendre soin de vous.<\/p>\n\n\n\n<figure class=\"wp-block-image\"><img decoding=\"async\" loading=\"lazy\" width=\"1024\" height=\"576\" src=\"http:\/\/quinteetsens.be\/wp-content\/uploads\/2018\/07\/36325870_546168125777250_7742148089749700608_o-1024x576.jpg\" alt=\"\" class=\"wp-image-136\" srcset=\"https:\/\/quinteetsens.be\/wp-content\/uploads\/2018\/07\/36325870_546168125777250_7742148089749700608_o-1024x576.jpg 1024w, https:\/\/quinteetsens.be\/wp-content\/uploads\/2018\/07\/36325870_546168125777250_7742148089749700608_o-300x169.jpg 300w, https:\/\/quinteetsens.be\/wp-content\/uploads\/2018\/07\/36325870_546168125777250_7742148089749700608_o-768x432.jpg 768w, https:\/\/quinteetsens.be\/wp-content\/uploads\/2018\/07\/36325870_546168125777250_7742148089749700608_o-533x300.jpg 533w, https:\/\/quinteetsens.be\/wp-content\/uploads\/2018\/07\/36325870_546168125777250_7742148089749700608_o.jpg 1440w\" sizes=\"(max-width: 1024px) 100vw, 1024px\" \/><\/figure>\n\n\n\n<p><a href=\"mailto:info.quinteetsens@gmail.com\">Prendre Rendez-vous<\/a><\/p>\n\n\n\n<p><a href=\"http:\/\/quinteetsens.be\/\">Les prochains Voyages Sonores en groupe<\/a><\/p>\n","protected":false},"excerpt":{"rendered":"<p>Les Voyages Sonores sont des s\u00e9ances de relaxation en musique. En solo, en duo ou en groupe, vous \u00eates berc\u00e9 par de douces m\u00e9lodies et vibrations. Les handpan, carillons, kalimbas et autres bols tib\u00e9tains et de cristal vous invitent \u00e0 prendre un temps pour vous (re)centrer, pour prendre soin de vous. Prendre Rendez-vous Les prochains [&hellip;]<\/p>\n","protected":false},"author":1,"featured_media":0,"parent":0,"menu_order":0,"comment_status":"closed","ping_status":"closed","template":"","meta":{"footnotes":""},"_links":{"self":[{"href":"https:\/\/quinteetsens.be\/index.php\/wp-json\/wp\/v2\/pages\/172"}],"collection":[{"href":"https:\/\/quinteetsens.be\/index.php\/wp-json\/wp\/v2\/pages"}],"about":[{"href":"https:\/\/quinteetsens.be\/index.php\/wp-json\/wp\/v2\/types\/page"}],"author":[{"embeddable":true,"href":"https:\/\/quinteetsens.be\/index.php\/wp-json\/wp\/v2\/users\/1"}],"replies":[{"embeddable":true,"href":"https:\/\/quinteetsens.be\/index.php\/wp-json\/wp\/v2\/comments?post=172"}],"version-history":[{"count":4,"href":"https:\/\/quinteetsens.be\/index.php\/wp-json\/wp\/v2\/pages\/172\/revisions"}],"predecessor-version":[{"id":214,"href":"https:\/\/quinteetsens.be\/index.php\/wp-json\/wp\/v2\/pages\/172\/revisions\/214"}],"wp:attachment":[{"href":"https:\/\/quinteetsens.be\/index.php\/wp-json\/wp\/v2\/media?parent=172"}],"curies":[{"name":"wp","href":"https:\/\/api.w.org\/{rel}","templated":true}]}}