{"id":173,"date":"2018-11-23T20:23:10","date_gmt":"2018-11-23T19:23:10","guid":{"rendered":"http:\/\/quinteetsens.be\/?page_id=173"},"modified":"2018-11-23T21:04:49","modified_gmt":"2018-11-23T20:04:49","slug":"massages-therapeutiques","status":"publish","type":"page","link":"https:\/\/quinteetsens.be\/index.php\/massages-therapeutiques\/","title":{"rendered":"Massages sonores et th\u00e9rapeutiques"},"content":{"rendered":"\n<p>Massages individuels aux bols tib\u00e9tains et de cristal ainsi qu&rsquo;aux diapasons.<\/p>\n\n\n\n<p>Leurs vibrations ont un effet relaxant sur notre corps , notre esprit et nos \u00e9motions.<\/p>\n\n\n\n<p>Les tensions et les blocages sont lib\u00e9r\u00e9s pour laisser place \u00e0 la d\u00e9tente et au bien-\u00eatre.<\/p>\n\n\n\n<div class=\"wp-block-image\"><figure class=\"aligncenter\"><img decoding=\"async\" loading=\"lazy\" width=\"1024\" height=\"683\" src=\"http:\/\/quinteetsens.be\/wp-content\/uploads\/2018\/04\/Bols-tibe\u0301tains-1024x683.jpg\" alt=\"\" class=\"wp-image-94\" srcset=\"https:\/\/quinteetsens.be\/wp-content\/uploads\/2018\/04\/Bols-tibe\u0301tains-1024x683.jpg 1024w, https:\/\/quinteetsens.be\/wp-content\/uploads\/2018\/04\/Bols-tibe\u0301tains-300x200.jpg 300w, https:\/\/quinteetsens.be\/wp-content\/uploads\/2018\/04\/Bols-tibe\u0301tains-768x512.jpg 768w\" sizes=\"(max-width: 1024px) 100vw, 1024px\" \/><\/figure><\/div>\n\n\n\n<p><a href=\"mailto:info.quinteetsens@gmail.com\">Prendre Rendez-vous<\/a><\/p>\n","protected":false},"excerpt":{"rendered":"<p>Massages individuels aux bols tib\u00e9tains et de cristal ainsi qu&rsquo;aux diapasons. Leurs vibrations ont un effet relaxant sur notre corps , notre esprit et nos \u00e9motions. Les tensions et les blocages sont lib\u00e9r\u00e9s pour laisser place \u00e0 la d\u00e9tente et au bien-\u00eatre. Prendre Rendez-vous<\/p>\n","protected":false},"author":1,"featured_media":0,"parent":0,"menu_order":0,"comment_status":"closed","ping_status":"closed","template":"","meta":{"footnotes":""},"_links":{"self":[{"href":"https:\/\/quinteetsens.be\/index.php\/wp-json\/wp\/v2\/pages\/173"}],"collection":[{"href":"https:\/\/quinteetsens.be\/index.php\/wp-json\/wp\/v2\/pages"}],"about":[{"href":"https:\/\/quinteetsens.be\/index.php\/wp-json\/wp\/v2\/types\/page"}],"author":[{"embeddable":true,"href":"https:\/\/quinteetsens.be\/index.php\/wp-json\/wp\/v2\/users\/1"}],"replies":[{"embeddable":true,"href":"https:\/\/quinteetsens.be\/index.php\/wp-json\/wp\/v2\/comments?post=173"}],"version-history":[{"count":2,"href":"https:\/\/quinteetsens.be\/index.php\/wp-json\/wp\/v2\/pages\/173\/revisions"}],"predecessor-version":[{"id":211,"href":"https:\/\/quinteetsens.be\/index.php\/wp-json\/wp\/v2\/pages\/173\/revisions\/211"}],"wp:attachment":[{"href":"https:\/\/quinteetsens.be\/index.php\/wp-json\/wp\/v2\/media?parent=173"}],"curies":[{"name":"wp","href":"https:\/\/api.w.org\/{rel}","templated":true}]}}