{"id":176,"date":"2018-11-23T20:23:10","date_gmt":"2018-11-23T19:23:10","guid":{"rendered":"http:\/\/quinteetsens.be\/?page_id=176"},"modified":"2018-11-23T21:32:57","modified_gmt":"2018-11-23T20:32:57","slug":"handpan","status":"publish","type":"page","link":"https:\/\/quinteetsens.be\/index.php\/handpan\/","title":{"rendered":"Handpan"},"content":{"rendered":"\n<p>Les cours de handpan se donnent en individuel ou en duo.<\/p>\n\n\n\n<p>Aucun pr\u00e9requis n\u00e9cessaire.<\/p>\n\n\n\n<p>Si vous ne poss\u00e9dez pas (encore) d&rsquo;instrument, diff\u00e9rents instruments de gammes et de fabricants diff\u00e9rents sont mis \u00e0 votre disposition durant les cours.<\/p>\n\n\n\n<p>Th\u00e8mes abord\u00e9s :<\/p>\n\n\n\n<ul><li>D\u00e9couverte de l&rsquo;instrument<\/li><li>Constructions rythmiques et m\u00e9lodiques<\/li><li>Dext\u00e9rit\u00e9<\/li><li>Composition<\/li><li>Accompagnement dans le choix et l&rsquo;achat d&rsquo;un instrument<\/li><\/ul>\n\n\n\n<p><a href=\"mailto:info.quinteetsens@gmail.com\">Prendre Rendez-vous<\/a><\/p>\n\n\n\n<figure class=\"wp-block-image\"><img decoding=\"async\" loading=\"lazy\" width=\"576\" height=\"1024\" src=\"http:\/\/quinteetsens.be\/wp-content\/uploads\/2018\/04\/Baopan-576x1024.jpg\" alt=\"\" class=\"wp-image-91\" srcset=\"https:\/\/quinteetsens.be\/wp-content\/uploads\/2018\/04\/Baopan-576x1024.jpg 576w, https:\/\/quinteetsens.be\/wp-content\/uploads\/2018\/04\/Baopan-169x300.jpg 169w, https:\/\/quinteetsens.be\/wp-content\/uploads\/2018\/04\/Baopan-768x1365.jpg 768w\" sizes=\"(max-width: 576px) 100vw, 576px\" \/><\/figure>\n","protected":false},"excerpt":{"rendered":"<p>Les cours de handpan se donnent en individuel ou en duo. Aucun pr\u00e9requis n\u00e9cessaire. Si vous ne poss\u00e9dez pas (encore) d&rsquo;instrument, diff\u00e9rents instruments de gammes et de fabricants diff\u00e9rents sont mis \u00e0 votre disposition durant les cours. Th\u00e8mes abord\u00e9s : D\u00e9couverte de l&rsquo;instrument Constructions rythmiques et m\u00e9lodiques Dext\u00e9rit\u00e9 Composition Accompagnement dans le choix et l&rsquo;achat [&hellip;]<\/p>\n","protected":false},"author":1,"featured_media":0,"parent":0,"menu_order":0,"comment_status":"closed","ping_status":"closed","template":"","meta":{"footnotes":""},"_links":{"self":[{"href":"https:\/\/quinteetsens.be\/index.php\/wp-json\/wp\/v2\/pages\/176"}],"collection":[{"href":"https:\/\/quinteetsens.be\/index.php\/wp-json\/wp\/v2\/pages"}],"about":[{"href":"https:\/\/quinteetsens.be\/index.php\/wp-json\/wp\/v2\/types\/page"}],"author":[{"embeddable":true,"href":"https:\/\/quinteetsens.be\/index.php\/wp-json\/wp\/v2\/users\/1"}],"replies":[{"embeddable":true,"href":"https:\/\/quinteetsens.be\/index.php\/wp-json\/wp\/v2\/comments?post=176"}],"version-history":[{"count":2,"href":"https:\/\/quinteetsens.be\/index.php\/wp-json\/wp\/v2\/pages\/176\/revisions"}],"predecessor-version":[{"id":222,"href":"https:\/\/quinteetsens.be\/index.php\/wp-json\/wp\/v2\/pages\/176\/revisions\/222"}],"wp:attachment":[{"href":"https:\/\/quinteetsens.be\/index.php\/wp-json\/wp\/v2\/media?parent=176"}],"curies":[{"name":"wp","href":"https:\/\/api.w.org\/{rel}","templated":true}]}}