{"id":178,"date":"2018-11-23T20:23:10","date_gmt":"2018-11-23T19:23:10","guid":{"rendered":"http:\/\/quinteetsens.be\/?page_id=178"},"modified":"2018-11-23T21:44:24","modified_gmt":"2018-11-23T20:44:24","slug":"eveil-musical","status":"publish","type":"page","link":"https:\/\/quinteetsens.be\/index.php\/eveil-musical\/","title":{"rendered":"Eveil musical"},"content":{"rendered":"\n<p>Eveil \u00e0 la musique pour enfants d\u00e8s l&rsquo;\u00e2ge de 3 ans.<\/p>\n\n\n\n<p>Approche ludique et active de la musique, des sons, des instruments.<\/p>\n\n\n\n<p>Jeux rythmiques, jeux m\u00e9lodiques, psychomotricit\u00e9.<\/p>\n\n\n\n<p>Fabrication d&rsquo;instruments avec mat\u00e9riaux de r\u00e9cup&rsquo;.<\/p>\n\n\n\n<figure class=\"wp-block-image\"><img decoding=\"async\" loading=\"lazy\" width=\"1024\" height=\"683\" src=\"http:\/\/quinteetsens.be\/wp-content\/uploads\/2018\/11\/DSC_0045-1024x683.jpg\" alt=\"\" class=\"wp-image-228\" srcset=\"https:\/\/quinteetsens.be\/wp-content\/uploads\/2018\/11\/DSC_0045-1024x683.jpg 1024w, https:\/\/quinteetsens.be\/wp-content\/uploads\/2018\/11\/DSC_0045-300x200.jpg 300w, https:\/\/quinteetsens.be\/wp-content\/uploads\/2018\/11\/DSC_0045-768x512.jpg 768w, https:\/\/quinteetsens.be\/wp-content\/uploads\/2018\/11\/DSC_0045-450x300.jpg 450w\" sizes=\"(max-width: 1024px) 100vw, 1024px\" \/><\/figure>\n","protected":false},"excerpt":{"rendered":"<p>Eveil \u00e0 la musique pour enfants d\u00e8s l&rsquo;\u00e2ge de 3 ans. Approche ludique et active de la musique, des sons, des instruments. Jeux rythmiques, jeux m\u00e9lodiques, psychomotricit\u00e9. Fabrication d&rsquo;instruments avec mat\u00e9riaux de r\u00e9cup&rsquo;.<\/p>\n","protected":false},"author":1,"featured_media":0,"parent":0,"menu_order":0,"comment_status":"closed","ping_status":"closed","template":"","meta":{"footnotes":""},"_links":{"self":[{"href":"https:\/\/quinteetsens.be\/index.php\/wp-json\/wp\/v2\/pages\/178"}],"collection":[{"href":"https:\/\/quinteetsens.be\/index.php\/wp-json\/wp\/v2\/pages"}],"about":[{"href":"https:\/\/quinteetsens.be\/index.php\/wp-json\/wp\/v2\/types\/page"}],"author":[{"embeddable":true,"href":"https:\/\/quinteetsens.be\/index.php\/wp-json\/wp\/v2\/users\/1"}],"replies":[{"embeddable":true,"href":"https:\/\/quinteetsens.be\/index.php\/wp-json\/wp\/v2\/comments?post=178"}],"version-history":[{"count":3,"href":"https:\/\/quinteetsens.be\/index.php\/wp-json\/wp\/v2\/pages\/178\/revisions"}],"predecessor-version":[{"id":229,"href":"https:\/\/quinteetsens.be\/index.php\/wp-json\/wp\/v2\/pages\/178\/revisions\/229"}],"wp:attachment":[{"href":"https:\/\/quinteetsens.be\/index.php\/wp-json\/wp\/v2\/media?parent=178"}],"curies":[{"name":"wp","href":"https:\/\/api.w.org\/{rel}","templated":true}]}}