{"id":20,"date":"2018-04-23T16:38:57","date_gmt":"2018-04-23T14:38:57","guid":{"rendered":"http:\/\/quinteetsens.be\/?page_id=20"},"modified":"2020-08-02T12:20:11","modified_gmt":"2020-08-02T10:20:11","slug":"a-propos-de","status":"publish","type":"page","link":"https:\/\/quinteetsens.be\/index.php\/a-propos-de\/","title":{"rendered":"\u00c0 propos"},"content":{"rendered":"<p><span style=\"color: #000000;\"><strong>Quelques mots sur qui je suis&#8230;<\/strong><\/span><\/p>\n<p><img decoding=\"async\" loading=\"lazy\" class=\"alignnone size-medium wp-image-286\" src=\"http:\/\/quinteetsens.be\/wp-content\/uploads\/2020\/05\/Capture-d\u2019e\u0301cran-2020-05-02-a\u0300-15.37.46-300x297.png\" alt=\"\" width=\"300\" height=\"297\" srcset=\"https:\/\/quinteetsens.be\/wp-content\/uploads\/2020\/05\/Capture-d\u2019e\u0301cran-2020-05-02-a\u0300-15.37.46-300x297.png 300w, https:\/\/quinteetsens.be\/wp-content\/uploads\/2020\/05\/Capture-d\u2019e\u0301cran-2020-05-02-a\u0300-15.37.46-1024x1013.png 1024w, https:\/\/quinteetsens.be\/wp-content\/uploads\/2020\/05\/Capture-d\u2019e\u0301cran-2020-05-02-a\u0300-15.37.46-150x150.png 150w, https:\/\/quinteetsens.be\/wp-content\/uploads\/2020\/05\/Capture-d\u2019e\u0301cran-2020-05-02-a\u0300-15.37.46-768x760.png 768w, https:\/\/quinteetsens.be\/wp-content\/uploads\/2020\/05\/Capture-d\u2019e\u0301cran-2020-05-02-a\u0300-15.37.46-303x300.png 303w, https:\/\/quinteetsens.be\/wp-content\/uploads\/2020\/05\/Capture-d\u2019e\u0301cran-2020-05-02-a\u0300-15.37.46.png 1532w\" sizes=\"(max-width: 300px) 100vw, 300px\" \/>\u00a0 Christophe Tonneau<\/p>\n<p><strong><span style=\"color: #736537;\"><em>Mon parcours musical<\/em><\/span><\/strong><\/p>\n<p>Musicien amateur depuis l&rsquo;\u00e2ge de 5 ans, j&rsquo;ai appris tout d&rsquo;abord la trompette de mani\u00e8re acad\u00e9mique.<\/p>\n<p>A l&rsquo;adolescence, j&rsquo;ai d\u00e9couvert les percussions (djemb\u00e9) en autodidacte.<\/p>\n<p>En 2005, je suis animateur b\u00e9n\u00e9vole en MJ et je participe \u00e0 des ateliers de percussions avec les enfants et les ados. Plusieurs voyages en Afrique de l&rsquo;Ouest, me permettent de perfectionner ma technique et me font d\u00e9couvrir les percussions m\u00e9lodiques \u00e0 travers le balafon : instrument traditionnel du Burkina Faso.<\/p>\n<p>Je m&rsquo;essaye \u00e0 la basse et la contrebasse mais je reviens vers les percussions et la qu\u00eate de ce nouvel instrument qu&rsquo;on appelle handpan&#8230; n\u00e9 en 2000 en Suisse.<\/p>\n<p>Fin 2011, je fais l&rsquo;acquisition de mon premier handpan et commence l&rsquo;apprentissage en autodidacte.<\/p>\n<p>En 2013, j&rsquo;ai la chance d&rsquo;\u00eatre invit\u00e9 en Suisse chez PANArt pour faire l&rsquo;acquisition d&rsquo;un des tous derniers Hang fabriqu\u00e9s avant qu&rsquo;ils n&rsquo;arr\u00eatent la production.<\/p>\n<p>Tout au long de ce parcours, je fais partie de plusieurs groupes ou j&rsquo;assure g\u00e9n\u00e9ralement les percussions accompagn\u00e9es par fois d&rsquo;un peu de basse ou de trompette.<\/p>\n<p>Septembre 2017, je rencontre Charlotte et l&rsquo;accroche musicale est imm\u00e9diate. Nous cr\u00e9ons <a href=\"https:\/\/fr-fr.facebook.com\/entendaime\/\" target=\"_blank\" rel=\"noopener noreferrer\">Entend&rsquo;Aime<\/a>, duo folk acoustique guitare\/voix &#8211; Handpan\/cajon.<\/p>\n<p><strong><em><span style=\"color: #736537;\">Naissance de Quinte&amp;Sens<\/span><\/em><\/strong><\/p>\n<p>Outre mon Amour pour la musique, j&rsquo;aime aller \u00e0 la rencontre des personnes, partager&#8230;<\/p>\n<p>J&rsquo;ai toujours aim\u00e9 transmettre, soutenir, prendre soin.<\/p>\n<p>En 2017, apr\u00e8s une r\u00e9flexion personnelle sur <em>\u00ab\u00a0qui je suis r\u00e9ellement et quel est mon but dans la vie\u00a0\u00bb<\/em>, je prends conscience de cette envie de partager et d&rsquo;aider gr\u00e2ce \u00e0 la musique. Je poss\u00e8de certaines bases qui me permettent de proposer rapidement des cours de musique ainsi que de la relaxation en Voyage Sonore.<\/p>\n<p>En octobre 2017, je m&rsquo;inscris au <a href=\"http:\/\/centrebenenzon.be\/\" target=\"_blank\" rel=\"noopener noreferrer\">Centre Benenzon Belgique<\/a>\u00a0et entame la formation en vue du titre de <em>\u00ab\u00a0Technicien en th\u00e9rapie non-verbale benenzonienne\u00a0\u00bb<\/em>. C&rsquo;est une r\u00e9v\u00e9lation! Le mod\u00e8le Benenzon est un des cinq mod\u00e8les de musicoth\u00e9rapie reconnu \u00e0 travers le monde et son approche non-verbale permettant d&rsquo;exprimer, consciemment et\/ou inconsciemment, ses \u00e9motions me passionne. Je suis actuellement toujours en cours de formation et ne cesse d&rsquo;apprendre de nouvelles choses.<\/p>\n<p>D\u00e9but 2018, je d\u00e9cide de lancer officiellement <a href=\"https:\/\/www.facebook.com\/quinteetsensmusicotherapie\/\" target=\"_blank\" rel=\"noopener noreferrer\">Quinte&amp;Sens<\/a>. Dans un premier temps, il s&rsquo;agit d&rsquo;une activit\u00e9 compl\u00e9mentaire mais mon souhait est de pouvoir en vivre \u00e0 part enti\u00e8re.<\/p>\n<p>Actuellement, je suis responsable des p\u00f4les musique-danse et artistiques aux Chemins d&rsquo;Ariane &#8211; IMS de Ciney.<\/p>\n<p>Je suis \u00e9galement musicoth\u00e9rapeute au SAJA de Schaltin.<\/p>\n","protected":false},"excerpt":{"rendered":"<p>Quelques mots sur qui je suis&#8230; \u00a0 Christophe Tonneau Mon parcours musical Musicien amateur depuis l&rsquo;\u00e2ge de 5 ans, j&rsquo;ai appris tout d&rsquo;abord la trompette de mani\u00e8re acad\u00e9mique. A l&rsquo;adolescence, j&rsquo;ai d\u00e9couvert les percussions (djemb\u00e9) en autodidacte. En 2005, je suis animateur b\u00e9n\u00e9vole en MJ et je participe \u00e0 des ateliers de percussions avec les [&hellip;]<\/p>\n","protected":false},"author":1,"featured_media":0,"parent":0,"menu_order":0,"comment_status":"closed","ping_status":"closed","template":"","meta":{"footnotes":""},"_links":{"self":[{"href":"https:\/\/quinteetsens.be\/index.php\/wp-json\/wp\/v2\/pages\/20"}],"collection":[{"href":"https:\/\/quinteetsens.be\/index.php\/wp-json\/wp\/v2\/pages"}],"about":[{"href":"https:\/\/quinteetsens.be\/index.php\/wp-json\/wp\/v2\/types\/page"}],"author":[{"embeddable":true,"href":"https:\/\/quinteetsens.be\/index.php\/wp-json\/wp\/v2\/users\/1"}],"replies":[{"embeddable":true,"href":"https:\/\/quinteetsens.be\/index.php\/wp-json\/wp\/v2\/comments?post=20"}],"version-history":[{"count":10,"href":"https:\/\/quinteetsens.be\/index.php\/wp-json\/wp\/v2\/pages\/20\/revisions"}],"predecessor-version":[{"id":411,"href":"https:\/\/quinteetsens.be\/index.php\/wp-json\/wp\/v2\/pages\/20\/revisions\/411"}],"wp:attachment":[{"href":"https:\/\/quinteetsens.be\/index.php\/wp-json\/wp\/v2\/media?parent=20"}],"curies":[{"name":"wp","href":"https:\/\/api.w.org\/{rel}","templated":true}]}}