{"id":347,"date":"2021-01-23T18:50:05","date_gmt":"2021-01-23T17:50:05","guid":{"rendered":"https:\/\/quinteetsens.be\/?page_id=347"},"modified":"2021-01-23T18:52:46","modified_gmt":"2021-01-23T17:52:46","slug":"formations-en-musicotherapie-et-sonotherapie","status":"publish","type":"page","link":"https:\/\/quinteetsens.be\/index.php\/formations-en-musicotherapie-et-sonotherapie\/","title":{"rendered":"Formations en musicoth\u00e9rapie et sonoth\u00e9rapie"},"content":{"rendered":"\n<p>Vous souhaitez utiliser la musicoth\u00e9rapie ou la sonoth\u00e9rapie dans votre activit\u00e9 professionnelle ou simplement pour vous faire du bien et faire du bien \u00e0 vos proches?<\/p>\n\n\n\n<div class=\"wp-block-image is-style-rounded\"><figure class=\"aligncenter size-large is-resized\"><img decoding=\"async\" loading=\"lazy\" src=\"https:\/\/quinteetsens.be\/wp-content\/uploads\/2021\/01\/60103504_737999389927455_2964945993218392064_n-1.jpg\" alt=\"\" class=\"wp-image-349\" width=\"240\" height=\"180\" srcset=\"https:\/\/quinteetsens.be\/wp-content\/uploads\/2021\/01\/60103504_737999389927455_2964945993218392064_n-1.jpg 960w, https:\/\/quinteetsens.be\/wp-content\/uploads\/2021\/01\/60103504_737999389927455_2964945993218392064_n-1-300x225.jpg 300w, https:\/\/quinteetsens.be\/wp-content\/uploads\/2021\/01\/60103504_737999389927455_2964945993218392064_n-1-768x576.jpg 768w, https:\/\/quinteetsens.be\/wp-content\/uploads\/2021\/01\/60103504_737999389927455_2964945993218392064_n-1-400x300.jpg 400w\" sizes=\"(max-width: 240px) 100vw, 240px\" \/><\/figure><\/div>\n\n\n\n<p>Je vous propose diff\u00e9rents modules de formations :<\/p>\n\n\n\n<p>-Utilisation des bols tib\u00e9tains et leurs actions sur le corps et l&rsquo;esprit<\/p>\n\n\n\n<p>-Utilisation des diapasons th\u00e9rapeutiques et leurs actions sur le corps et l&rsquo;esprit<\/p>\n\n\n\n<p>-Apprentissage \u00e0 la mise en place de petits ateliers de musicoth\u00e9rapie<\/p>\n\n\n\n<p><\/p>\n\n\n\n<div class=\"wp-block-image is-style-rounded\"><figure class=\"aligncenter size-large is-resized\"><img decoding=\"async\" loading=\"lazy\" src=\"https:\/\/quinteetsens.be\/wp-content\/uploads\/2021\/01\/129386766_217229496449866_2840806606971447421_n-1024x768.jpg\" alt=\"\" class=\"wp-image-350\" width=\"256\" height=\"192\" srcset=\"https:\/\/quinteetsens.be\/wp-content\/uploads\/2021\/01\/129386766_217229496449866_2840806606971447421_n-1024x768.jpg 1024w, https:\/\/quinteetsens.be\/wp-content\/uploads\/2021\/01\/129386766_217229496449866_2840806606971447421_n-300x225.jpg 300w, https:\/\/quinteetsens.be\/wp-content\/uploads\/2021\/01\/129386766_217229496449866_2840806606971447421_n-768x576.jpg 768w, https:\/\/quinteetsens.be\/wp-content\/uploads\/2021\/01\/129386766_217229496449866_2840806606971447421_n-1536x1152.jpg 1536w, https:\/\/quinteetsens.be\/wp-content\/uploads\/2021\/01\/129386766_217229496449866_2840806606971447421_n-400x300.jpg 400w, https:\/\/quinteetsens.be\/wp-content\/uploads\/2021\/01\/129386766_217229496449866_2840806606971447421_n.jpg 2048w\" sizes=\"(max-width: 256px) 100vw, 256px\" \/><\/figure><\/div>\n\n\n\n<p><a href=\"mailto:info.quinteetsens@gmail.com\">Prendre Rendez-vous<\/a><\/p>\n","protected":false},"excerpt":{"rendered":"<p>Vous souhaitez utiliser la musicoth\u00e9rapie ou la sonoth\u00e9rapie dans votre activit\u00e9 professionnelle ou simplement pour vous faire du bien et faire du bien \u00e0 vos proches? Je vous propose diff\u00e9rents modules de formations : -Utilisation des bols tib\u00e9tains et leurs actions sur le corps et l&rsquo;esprit -Utilisation des diapasons th\u00e9rapeutiques et leurs actions sur le [&hellip;]<\/p>\n","protected":false},"author":1,"featured_media":0,"parent":0,"menu_order":0,"comment_status":"closed","ping_status":"closed","template":"","meta":{"footnotes":""},"_links":{"self":[{"href":"https:\/\/quinteetsens.be\/index.php\/wp-json\/wp\/v2\/pages\/347"}],"collection":[{"href":"https:\/\/quinteetsens.be\/index.php\/wp-json\/wp\/v2\/pages"}],"about":[{"href":"https:\/\/quinteetsens.be\/index.php\/wp-json\/wp\/v2\/types\/page"}],"author":[{"embeddable":true,"href":"https:\/\/quinteetsens.be\/index.php\/wp-json\/wp\/v2\/users\/1"}],"replies":[{"embeddable":true,"href":"https:\/\/quinteetsens.be\/index.php\/wp-json\/wp\/v2\/comments?post=347"}],"version-history":[{"count":4,"href":"https:\/\/quinteetsens.be\/index.php\/wp-json\/wp\/v2\/pages\/347\/revisions"}],"predecessor-version":[{"id":354,"href":"https:\/\/quinteetsens.be\/index.php\/wp-json\/wp\/v2\/pages\/347\/revisions\/354"}],"wp:attachment":[{"href":"https:\/\/quinteetsens.be\/index.php\/wp-json\/wp\/v2\/media?parent=347"}],"curies":[{"name":"wp","href":"https:\/\/api.w.org\/{rel}","templated":true}]}}